{"id":21321,"date":"2022-06-17T14:41:55","date_gmt":"2022-06-17T12:41:55","guid":{"rendered":"https:\/\/www.seppmail.com\/?page_id=21321"},"modified":"2025-10-27T16:23:40","modified_gmt":"2025-10-27T15:23:40","slug":"impressum","status":"publish","type":"page","link":"https:\/\/www.seppmail.com\/de\/impressum\/","title":{"rendered":"Impressum"},"content":{"rendered":"\t\t<div data-elementor-type=\"wp-page\" data-elementor-id=\"21321\" class=\"elementor elementor-21321 elementor-3991\" data-elementor-post-type=\"page\">\n\t\t\t\t\t\t<section class=\"elementor-section elementor-top-section elementor-element elementor-element-634e3c93 elementor-section-boxed elementor-section-height-default elementor-section-height-default\" data-id=\"634e3c93\" data-element_type=\"section\" data-e-type=\"section\" data-settings=\"{&quot;background_background&quot;:&quot;classic&quot;,&quot;shape_divider_bottom&quot;:&quot;mountains&quot;}\">\n\t\t\t\t\t<div class=\"elementor-shape elementor-shape-bottom\" aria-hidden=\"true\" data-negative=\"false\">\n\t\t\t<svg xmlns=\"http:\/\/www.w3.org\/2000\/svg\" viewBox=\"0 0 1000 100\" preserveAspectRatio=\"none\">\n\t<path class=\"elementor-shape-fill\" opacity=\"0.33\" d=\"M473,67.3c-203.9,88.3-263.1-34-320.3,0C66,119.1,0,59.7,0,59.7V0h1000v59.7 c0,0-62.1,26.1-94.9,29.3c-32.8,3.3-62.8-12.3-75.8-22.1C806,49.6,745.3,8.7,694.9,4.7S492.4,59,473,67.3z\"\/>\n\t<path class=\"elementor-shape-fill\" opacity=\"0.66\" d=\"M734,67.3c-45.5,0-77.2-23.2-129.1-39.1c-28.6-8.7-150.3-10.1-254,39.1 s-91.7-34.4-149.2,0C115.7,118.3,0,39.8,0,39.8V0h1000v36.5c0,0-28.2-18.5-92.1-18.5C810.2,18.1,775.7,67.3,734,67.3z\"\/>\n\t<path class=\"elementor-shape-fill\" d=\"M766.1,28.9c-200-57.5-266,65.5-395.1,19.5C242,1.8,242,5.4,184.8,20.6C128,35.8,132.3,44.9,89.9,52.5C28.6,63.7,0,0,0,0 h1000c0,0-9.9,40.9-83.6,48.1S829.6,47,766.1,28.9z\"\/>\n<\/svg>\t\t<\/div>\n\t\t\t\t\t<div class=\"elementor-container elementor-column-gap-wider\">\n\t\t\t\t\t<div class=\"elementor-column elementor-col-100 elementor-top-column elementor-element elementor-element-7c4f6cfa\" data-id=\"7c4f6cfa\" data-element_type=\"column\" data-e-type=\"column\">\n\t\t\t<div class=\"elementor-widget-wrap elementor-element-populated\">\n\t\t\t\t\t\t<div class=\"elementor-element elementor-element-35ee6663 elementor-widget elementor-widget-heading\" data-id=\"35ee6663\" data-element_type=\"widget\" data-e-type=\"widget\" data-widget_type=\"heading.default\">\n\t\t\t\t<div class=\"elementor-widget-container\">\n\t\t\t\t\t<h2 class=\"elementor-heading-title elementor-size-default\">Impressum<\/h2>\t\t\t\t<\/div>\n\t\t\t\t<\/div>\n\t\t\t\t\t<\/div>\n\t\t<\/div>\n\t\t\t\t\t<\/div>\n\t\t<\/section>\n\t\t\t\t<section class=\"elementor-section elementor-top-section elementor-element elementor-element-4763ff70 elementor-reverse-mobile elementor-section-boxed elementor-section-height-default elementor-section-height-default\" data-id=\"4763ff70\" data-element_type=\"section\" data-e-type=\"section\">\n\t\t\t\t\t\t<div class=\"elementor-container elementor-column-gap-default\">\n\t\t\t\t\t<div class=\"elementor-column elementor-col-100 elementor-top-column elementor-element elementor-element-72edcadd\" data-id=\"72edcadd\" data-element_type=\"column\" data-e-type=\"column\">\n\t\t\t<div class=\"elementor-widget-wrap elementor-element-populated\">\n\t\t\t\t\t\t<div class=\"elementor-element elementor-element-8e5ae06 elementor-widget elementor-widget-text-editor\" data-id=\"8e5ae06\" data-element_type=\"widget\" data-e-type=\"widget\" data-widget_type=\"text-editor.default\">\n\t\t\t\t<div class=\"elementor-widget-container\">\n\t\t\t\t\t\t\t\t\t<p>SEPPmail \u2013 Deutschland GmbH<br \/>Ringstrasse 1c<br \/>85649 Brunnthal b. M\u00fcnchen<br \/>Telefonnummer: +49 8104 8999 030<br \/>E-Mail: info@seppmail.de<\/p><p>Website: <span lang=\"DE\">www.seppmail.com<\/span><\/p><p>Eingetragen im Handelsregister HRB 221051 \u2013 M\u00fcnchen<br \/>Umsatzsteuer-Identifikationsnummer DE 815 594 156<\/p><h2>Verantwortlich f\u00fcr den Inhalt nach \u00a7 55 Abs. 2 RStV:<\/h2><p>SEPPmail \u2013 Deutschland GmbH<br \/>Vertreten durch Gesch\u00e4ftsf\u00fchrer G\u00fcnter Esch<\/p><h2>Quellenangaben f\u00fcr die verwendeten Bilder und Grafiken:<\/h2><p><em><a href=\"https:\/\/stock.adobe.com\/de\/\">www.stock.adobe.com<\/a><br \/><\/em><a href=\"https:\/\/www.istockphoto.com\/de\">www.istockphoto.com<\/a><\/p><p>\u00a0<\/p><p><span class=\"a_GcMg font-feature-liga-off font-feature-clig-off font-feature-calt-off text-decoration-none text-strikethrough-none\">\u00a9marchmeena29\/Canva<\/span><\/p><p><span class=\"a_GcMg font-feature-liga-off font-feature-clig-off font-feature-calt-off text-decoration-none text-strikethrough-none\">\u00a9Shasin Satuei\/Canva<\/span><\/p><p>\u00a9VladGans\/Canva<\/p><p>\u00a9twinsterphoto\/Canva<\/p><p>\u00a9studioroman\/Canva<\/p><p>\u00a9vinnstock\/Canva<\/p><p>\u00a9Khawanchai\/Canva<\/p><p>\u00a9Rawf8\/Canva<\/p><p>\u00a9Thawatchai\/Canva<\/p><p>\u00a9XH4D\/Canva<\/p><p><span class=\"a_GcMg font-feature-liga-off font-feature-clig-off font-feature-calt-off text-decoration-none text-strikethrough-none\">\u00a9DAPA\/Canva<\/span><\/p><p>\u00a9BlackJack3D\/Canva<\/p><p>\u00a9fotofrog\/Canva<\/p><p>\u00a9tadamichi\/Canva<\/p><p>\u00a9anyaberkut\/Canva<\/p><h2>Auskunft, L\u00f6schung, Sperrung f\u00fcr Betroffene gem. \u00a7 6 (1) BDSG<\/h2><p>Sie haben jederzeit das Recht auf unentgeltliche Auskunft \u00fcber Ihre gespeicherten personenbezogenen Daten, deren Herkunft und Empf\u00e4nger und den Zweck der Datenverarbeitung sowie ein Recht auf Berichtigung, Sperrung oder L\u00f6schung dieser Daten. Hierzu sowie zu weiteren Fragen zum Thema personenbezogene Daten k\u00f6nnen Sie sich jederzeit \u00fcber die im Impressum angegeben Adresse des Webseitenbetreibers an uns wenden.<\/p><p>Datenschutzbeauftragter: info@seppmail.de<\/p><h2>Haftungsausschluss (Disclaimer)<\/h2><h5>1. Haftung f\u00fcr Inhalte<\/h5><p>Als Diensteanbieter sind wir gem\u00e4\u00df \u00a7 7 Abs.1 TMG f\u00fcr eigene Inhalte auf diesen Seiten nach den allgemeinen Gesetzen verantwortlich. Nach \u00a7\u00a7 8 bis 10 TMG sind wir als Diensteanbieter jedoch nicht verpflichtet, \u00fcbermittelte oder gespeicherte fremde Informationen zu \u00fcberwachen oder nach Umst\u00e4nden zu forschen, die auf eine rechtswidrige T\u00e4tigkeit hinweisen. Verpflichtungen zur Entfernung oder Sperrung der Nutzung von Informationen nach den allgemeinen Gesetzen bleiben hiervon unber\u00fchrt. Eine diesbez\u00fcgliche Haftung ist jedoch erst ab dem Zeitpunkt der Kenntnis einer konkreten Rechtsverletzung m\u00f6glich. Bei Bekanntwerden von entsprechenden Rechtsverletzungen werden wir diese Inhalte umgehend entfernen.<\/p><h5>2. Haftung f\u00fcr Links<\/h5><p>Unser Angebot enth\u00e4lt Links zu externen Webseiten Dritter, auf deren Inhalte wir keinen Einfluss haben. Deshalb k\u00f6nnen wir f\u00fcr diese fremden Inhalte auch keine Gew\u00e4hr \u00fcbernehmen. F\u00fcr die Inhalte der verlinkten Seiten ist stets der jeweilige Anbieter oder Betreiber der Seiten verantwortlich. Die verlinkten Seiten wurden zum Zeitpunkt der Verlinkung auf m\u00f6gliche Rechtsverst\u00f6\u00dfe \u00fcberpr\u00fcft. Rechtswidrige Inhalte waren zum Zeitpunkt der Verlinkung nicht erkennbar. Eine permanente inhaltliche Kontrolle der verlinkten Seiten ist jedoch ohne konkrete Anhaltspunkte einer Rechtsverletzung nicht zumutbar. Bei Bekanntwerden von Rechtsverletzungen werden wir derartige Links umgehend entfernen.<\/p><h5>3. Urheberrecht<\/h5><p>Die durch die Seitenbetreiber erstellten Inhalte und Werke auf diesen Seiten unterliegen dem deutschen Urheberrecht. Die Vervielf\u00e4ltigung, Bearbeitung, Verbreitung und jede Art der Verwertung au\u00dferhalb der Grenzen des Urheberrechtes bed\u00fcrfen der schriftlichen Zustimmung des jeweiligen Autors bzw. Erstellers. Downloads und Kopien dieser Seite sind nur f\u00fcr den privaten, nicht kommerziellen Gebrauch gestattet. Soweit die Inhalte auf dieser Seite nicht vom Betreiber erstellt wurden, werden die Urheberrechte Dritter beachtet. Insbesondere werden Inhalte Dritter als solche gekennzeichnet. Sollten Sie trotzdem auf eine Urheberrechtsverletzung aufmerksam werden, bitten wir um einen entsprechenden Hinweis. Bei Bekanntwerden von Rechtsverletzungen werden wir derartige Inhalte umgehend entfernen.<\/p><h5>4. DATENSCHUTZ<\/h5><p>Sofern innerhalb des Internetangebotes die M\u00f6glichkeit zur Eingabe pers\u00f6nlicher oder gesch\u00e4ftlicher Daten (Emailadressen, Namen, Anschriften) besteht, so erfolgt die Preisgabe dieser Daten seitens des Nutzers auf ausdr\u00fccklich freiwilliger Basis. Die Inanspruchnahme und Bezahlung aller angebotenen Dienste ist \u2013 soweit technisch m\u00f6glich und zumutbar \u2013 auch ohne Angabe solcher Daten bzw. unter Angabe anonymisierter Daten oder eines Pseudonyms gestattet. Die Nutzung der im Rahmen des Impressums oder vergleichbarer Angaben ver\u00f6ffentlichten Kontaktdaten wie Postanschriften, Telefon- und Faxnummern sowie E-Mail-Adressen durch Dritte zur \u00dcbersendung von nicht ausdr\u00fccklich angeforderten Informationen ist nicht gestattet. Rechtliche Schritte gegen die Versender von sogenannten Spam-Mails bei Verst\u00f6ssen gegen dieses Verbot sind ausdr\u00fccklich vorbehalten.<\/p><h5>5. RECHTSWIRKSAMKEIT DIESES HAFTUNGSAUSSCHLUSSES<\/h5><p>Dieser Haftungsausschluss ist als Teil des Internetangebotes zu betrachten, von dem aus auf diese Seite verwiesen wurde. Sofern Teile oder einzelne Formulierungen dieses Textes der geltenden Rechtslage nicht, nicht mehr oder nicht vollst\u00e4ndig entsprechen sollten, bleiben die \u00fcbrigen Teile des Dokumentes in ihrem Inhalt und ihrer G\u00fcltigkeit davon unber\u00fchrt<\/p>\t\t\t\t\t\t\t\t<\/div>\n\t\t\t\t<\/div>\n\t\t\t\t\t<\/div>\n\t\t<\/div>\n\t\t\t\t\t<\/div>\n\t\t<\/section>\n\t\t\t\t<\/div>\n\t\t","protected":false},"excerpt":{"rendered":"<p>Impressum SEPPmail \u2013 Deutschland GmbHRingstrasse 1c85649 Brunnthal b. M\u00fcnchenTelefonnummer: +49 8104 8999 030E-Mail: info@seppmail.de Website: www.seppmail.com Eingetragen im Handelsregister HRB 221051 \u2013 M\u00fcnchenUmsatzsteuer-Identifikationsnummer DE 815 594 156 Verantwortlich f\u00fcr den&hellip;<\/p>\n","protected":false},"author":156,"featured_media":0,"parent":0,"menu_order":3,"comment_status":"closed","ping_status":"closed","template":"elementor_header_footer","meta":{"inline_featured_image":false,"footnotes":""},"class_list":["post-21321","page","type-page","status-publish","hentry"],"yoast_head":"<!-- This site is optimized with the Yoast SEO plugin v27.2 - https:\/\/yoast.com\/product\/yoast-seo-wordpress\/ -->\n<title>Impressum - SEPPmail<\/title>\n<meta name=\"robots\" content=\"noindex, nofollow\" \/>\n<meta property=\"og:locale\" content=\"de_DE\" \/>\n<meta property=\"og:type\" content=\"article\" \/>\n<meta property=\"og:title\" content=\"Impressum - SEPPmail\" \/>\n<meta property=\"og:description\" content=\"Impressum SEPPmail \u2013 Deutschland GmbHRingstrasse 1c85649 Brunnthal b. M\u00fcnchenTelefonnummer: +49 8104 8999 030E-Mail: info@seppmail.de Website: www.seppmail.com Eingetragen im Handelsregister HRB 221051 \u2013 M\u00fcnchenUmsatzsteuer-Identifikationsnummer DE 815 594 156 Verantwortlich f\u00fcr den&hellip;\" \/>\n<meta property=\"og:url\" content=\"https:\/\/www.seppmail.com\/de\/impressum\/\" \/>\n<meta property=\"og:site_name\" content=\"SEPPmail\" \/>\n<meta property=\"article:modified_time\" content=\"2025-10-27T15:23:40+00:00\" \/>\n<meta name=\"twitter:card\" content=\"summary_large_image\" \/>\n<meta name=\"twitter:label1\" content=\"Gesch\u00e4tzte Lesezeit\" \/>\n\t<meta name=\"twitter:data1\" content=\"4\u00a0Minuten\" \/>\n<script type=\"application\/ld+json\" class=\"yoast-schema-graph\">{\"@context\":\"https:\/\/schema.org\",\"@graph\":[{\"@type\":\"WebPage\",\"@id\":\"https:\/\/www.seppmail.com\/de\/impressum\/\",\"url\":\"https:\/\/www.seppmail.com\/de\/impressum\/\",\"name\":\"Impressum - SEPPmail\",\"isPartOf\":{\"@id\":\"https:\/\/www.seppmail.com\/de\/#website\"},\"datePublished\":\"2022-06-17T12:41:55+00:00\",\"dateModified\":\"2025-10-27T15:23:40+00:00\",\"breadcrumb\":{\"@id\":\"https:\/\/www.seppmail.com\/de\/impressum\/#breadcrumb\"},\"inLanguage\":\"de\",\"potentialAction\":[{\"@type\":\"ReadAction\",\"target\":[\"https:\/\/www.seppmail.com\/de\/impressum\/\"]}]},{\"@type\":\"BreadcrumbList\",\"@id\":\"https:\/\/www.seppmail.com\/de\/impressum\/#breadcrumb\",\"itemListElement\":[{\"@type\":\"ListItem\",\"position\":1,\"name\":\"Home\",\"item\":\"https:\/\/www.seppmail.com\/de\/\"},{\"@type\":\"ListItem\",\"position\":2,\"name\":\"Impressum\"}]},{\"@type\":\"WebSite\",\"@id\":\"https:\/\/www.seppmail.com\/de\/#website\",\"url\":\"https:\/\/www.seppmail.com\/de\/\",\"name\":\"SEPPmail\",\"description\":\"E-Mail Verschl\u00fcsselung made in Switzerland\",\"publisher\":{\"@id\":\"https:\/\/www.seppmail.com\/de\/#organization\"},\"potentialAction\":[{\"@type\":\"SearchAction\",\"target\":{\"@type\":\"EntryPoint\",\"urlTemplate\":\"https:\/\/www.seppmail.com\/de\/?s={search_term_string}\"},\"query-input\":{\"@type\":\"PropertyValueSpecification\",\"valueRequired\":true,\"valueName\":\"search_term_string\"}}],\"inLanguage\":\"de\"},{\"@type\":\"Organization\",\"@id\":\"https:\/\/www.seppmail.com\/de\/#organization\",\"name\":\"SEPPmail AG\",\"url\":\"https:\/\/www.seppmail.com\/de\/\",\"logo\":{\"@type\":\"ImageObject\",\"inLanguage\":\"de\",\"@id\":\"https:\/\/www.seppmail.com\/de\/#\/schema\/logo\/image\/\",\"url\":\"\",\"contentUrl\":\"\",\"caption\":\"SEPPmail AG\"},\"image\":{\"@id\":\"https:\/\/www.seppmail.com\/de\/#\/schema\/logo\/image\/\"},\"sameAs\":[\"https:\/\/ch.linkedin.com\/company\/seppmail-ag\",\"https:\/\/www.youtube.com\/channel\/UCbHY7nz3c3AVnkJoaD4x_jA\"]}]}<\/script>\n<!-- \/ Yoast SEO plugin. -->","yoast_head_json":{"title":"Impressum - SEPPmail","robots":{"index":"noindex","follow":"nofollow"},"og_locale":"de_DE","og_type":"article","og_title":"Impressum - SEPPmail","og_description":"Impressum SEPPmail \u2013 Deutschland GmbHRingstrasse 1c85649 Brunnthal b. M\u00fcnchenTelefonnummer: +49 8104 8999 030E-Mail: info@seppmail.de Website: www.seppmail.com Eingetragen im Handelsregister HRB 221051 \u2013 M\u00fcnchenUmsatzsteuer-Identifikationsnummer DE 815 594 156 Verantwortlich f\u00fcr den&hellip;","og_url":"https:\/\/www.seppmail.com\/de\/impressum\/","og_site_name":"SEPPmail","article_modified_time":"2025-10-27T15:23:40+00:00","twitter_card":"summary_large_image","twitter_misc":{"Gesch\u00e4tzte Lesezeit":"4\u00a0Minuten"},"schema":{"@context":"https:\/\/schema.org","@graph":[{"@type":"WebPage","@id":"https:\/\/www.seppmail.com\/de\/impressum\/","url":"https:\/\/www.seppmail.com\/de\/impressum\/","name":"Impressum - SEPPmail","isPartOf":{"@id":"https:\/\/www.seppmail.com\/de\/#website"},"datePublished":"2022-06-17T12:41:55+00:00","dateModified":"2025-10-27T15:23:40+00:00","breadcrumb":{"@id":"https:\/\/www.seppmail.com\/de\/impressum\/#breadcrumb"},"inLanguage":"de","potentialAction":[{"@type":"ReadAction","target":["https:\/\/www.seppmail.com\/de\/impressum\/"]}]},{"@type":"BreadcrumbList","@id":"https:\/\/www.seppmail.com\/de\/impressum\/#breadcrumb","itemListElement":[{"@type":"ListItem","position":1,"name":"Home","item":"https:\/\/www.seppmail.com\/de\/"},{"@type":"ListItem","position":2,"name":"Impressum"}]},{"@type":"WebSite","@id":"https:\/\/www.seppmail.com\/de\/#website","url":"https:\/\/www.seppmail.com\/de\/","name":"SEPPmail","description":"E-Mail Verschl\u00fcsselung made in Switzerland","publisher":{"@id":"https:\/\/www.seppmail.com\/de\/#organization"},"potentialAction":[{"@type":"SearchAction","target":{"@type":"EntryPoint","urlTemplate":"https:\/\/www.seppmail.com\/de\/?s={search_term_string}"},"query-input":{"@type":"PropertyValueSpecification","valueRequired":true,"valueName":"search_term_string"}}],"inLanguage":"de"},{"@type":"Organization","@id":"https:\/\/www.seppmail.com\/de\/#organization","name":"SEPPmail AG","url":"https:\/\/www.seppmail.com\/de\/","logo":{"@type":"ImageObject","inLanguage":"de","@id":"https:\/\/www.seppmail.com\/de\/#\/schema\/logo\/image\/","url":"","contentUrl":"","caption":"SEPPmail AG"},"image":{"@id":"https:\/\/www.seppmail.com\/de\/#\/schema\/logo\/image\/"},"sameAs":["https:\/\/ch.linkedin.com\/company\/seppmail-ag","https:\/\/www.youtube.com\/channel\/UCbHY7nz3c3AVnkJoaD4x_jA"]}]}},"_links":{"self":[{"href":"https:\/\/www.seppmail.com\/de\/wp-json\/wp\/v2\/pages\/21321","targetHints":{"allow":["GET"]}}],"collection":[{"href":"https:\/\/www.seppmail.com\/de\/wp-json\/wp\/v2\/pages"}],"about":[{"href":"https:\/\/www.seppmail.com\/de\/wp-json\/wp\/v2\/types\/page"}],"author":[{"embeddable":true,"href":"https:\/\/www.seppmail.com\/de\/wp-json\/wp\/v2\/users\/156"}],"replies":[{"embeddable":true,"href":"https:\/\/www.seppmail.com\/de\/wp-json\/wp\/v2\/comments?post=21321"}],"version-history":[{"count":20,"href":"https:\/\/www.seppmail.com\/de\/wp-json\/wp\/v2\/pages\/21321\/revisions"}],"predecessor-version":[{"id":42455,"href":"https:\/\/www.seppmail.com\/de\/wp-json\/wp\/v2\/pages\/21321\/revisions\/42455"}],"wp:attachment":[{"href":"https:\/\/www.seppmail.com\/de\/wp-json\/wp\/v2\/media?parent=21321"}],"curies":[{"name":"wp","href":"https:\/\/api.w.org\/{rel}","templated":true}]}}